{"id":2616,"date":"2024-03-20T19:10:16","date_gmt":"2024-03-20T19:10:16","guid":{"rendered":"https:\/\/surtidoraentecnologia.com\/?page_id=2616"},"modified":"2024-03-20T19:11:21","modified_gmt":"2024-03-20T19:11:21","slug":"formulario-de-servicios","status":"publish","type":"page","link":"https:\/\/surtidoraentecnologia.com\/index.php\/formulario-de-servicios\/","title":{"rendered":"Formulario de servicios"},"content":{"rendered":"\n<h2 class=\"wp-block-heading\">Si est\u00e1 interesado en recibir m\u00e1s informaci\u00f3n acerca de alguno de nuestros servicios, por favor compartanos su informaci\u00f3n a continuaci\u00f3n.<\/h2>\n\n\n<div class=\"wpforms-container wpforms-container-full wpforms-block wpforms-block-9934c7da-a07f-4e40-89f9-5f9fbacbfb1c wpforms-render-modern\" id=\"wpforms-2608\"><form id=\"wpforms-form-2608\" class=\"wpforms-validate wpforms-form wpforms-ajax-form\" data-formid=\"2608\" method=\"post\" enctype=\"multipart\/form-data\" action=\"\/index.php\/wp-json\/wp\/v2\/pages\/2616\" data-token=\"ae8f4b3ee97c7c9442e5bd2c7ff6b7cc\" data-token-time=\"1777024906\"><noscript class=\"wpforms-error-noscript\">Por favor, activa JavaScript en tu navegador para completar este formulario.<\/noscript><div id=\"wpforms-error-noscript\" style=\"display: none;\">Por favor, activa JavaScript en tu navegador para completar este formulario.<\/div><div class=\"wpforms-field-container\"><div id=\"wpforms-2608-field_5-container\" class=\"wpforms-field wpforms-field-select wpforms-field-select-style-classic\" data-field-id=\"5\"><label class=\"wpforms-field-label\" for=\"wpforms-2608-field_5\">Servicio <span class=\"wpforms-required-label\" aria-hidden=\"true\">*<\/span><\/label><select id=\"wpforms-2608-field_5\" class=\"wpforms-field-medium wpforms-field-required\" name=\"wpforms[fields][5]\" required=\"required\"><option value=\"Reparaci\u00f3n o mantenimiento de equipo\"  class=\"choice-1 depth-1\"  >Reparaci\u00f3n o mantenimiento de equipo<\/option><option value=\"Sistema CCTV\"  class=\"choice-2 depth-1\"  >Sistema CCTV<\/option><option value=\"Cableado Estructurado\"  class=\"choice-3 depth-1\"  >Cableado Estructurado<\/option><option value=\"Instalaci\u00f3n y configuraci\u00f3n de servidores\"  class=\"choice-4 depth-1\"  >Instalaci\u00f3n y configuraci\u00f3n de servidores<\/option><option value=\"Telefon\u00eda IP-SIP\"  class=\"choice-5 depth-1\"  >Telefon\u00eda IP-SIP<\/option><option value=\"otros\"  class=\"choice-6 depth-1\"  >otros<\/option><\/select><div id=\"wpforms-2608-field_5-description\" class=\"wpforms-field-description\">Seleccione el servicio en el que est\u00e1 interesado.<\/div><\/div><div id=\"wpforms-2608-field_0-container\" class=\"wpforms-field wpforms-field-name\" data-field-id=\"0\"><fieldset><legend class=\"wpforms-field-label\">Nombre <span class=\"wpforms-required-label\" aria-hidden=\"true\">*<\/span><\/legend><div class=\"wpforms-field-row wpforms-field-medium\"><div class=\"wpforms-field-row-block wpforms-first wpforms-one-half\"><input type=\"text\" id=\"wpforms-2608-field_0\" class=\"wpforms-field-name-first wpforms-field-required\" name=\"wpforms[fields][0][first]\" aria-errormessage=\"wpforms-2608-field_0-error\" required><label for=\"wpforms-2608-field_0\" class=\"wpforms-field-sublabel after\">Nombre<\/label><\/div><div class=\"wpforms-field-row-block wpforms-one-half\"><input type=\"text\" id=\"wpforms-2608-field_0-last\" class=\"wpforms-field-name-last wpforms-field-required\" name=\"wpforms[fields][0][last]\" aria-errormessage=\"wpforms-2608-field_0-last-error\" required><label for=\"wpforms-2608-field_0-last\" class=\"wpforms-field-sublabel after\">Apellidos<\/label><\/div><\/div><\/fieldset><\/div><div id=\"wpforms-2608-field_6-container\" class=\"wpforms-field wpforms-field-text\" data-field-id=\"6\"><label class=\"wpforms-field-label\" for=\"wpforms-2608-field_6\">Empresa<\/label><input type=\"text\" id=\"wpforms-2608-field_6\" class=\"wpforms-field-medium\" name=\"wpforms[fields][6]\" aria-errormessage=\"wpforms-2608-field_6-error\" ><\/div><div id=\"wpforms-2608-field_7-container\" class=\"wpforms-field wpforms-field-number\" data-field-id=\"7\"><label class=\"wpforms-field-label\" for=\"wpforms-2608-field_7\">Tel\u00e9fono <span class=\"wpforms-required-label\" aria-hidden=\"true\">*<\/span><\/label><input type=\"number\" id=\"wpforms-2608-field_7\" class=\"wpforms-field-medium wpforms-field-required\" name=\"wpforms[fields][7]\" step=\"any\" aria-errormessage=\"wpforms-2608-field_7-error\" required><\/div><div id=\"wpforms-2608-field_1-container\" class=\"wpforms-field wpforms-field-email\" data-field-id=\"1\"><fieldset><legend class=\"wpforms-field-label\">Correo electr\u00f3nico <span class=\"wpforms-required-label\" aria-hidden=\"true\">*<\/span><\/legend><div class=\"wpforms-field-row wpforms-field-medium\"><div class=\"wpforms-field-row-block wpforms-one-half wpforms-first\"><input type=\"email\" id=\"wpforms-2608-field_1\" class=\"wpforms-field-required wpforms-field-email-primary\" name=\"wpforms[fields][1][primary]\" spellcheck=\"false\" aria-errormessage=\"wpforms-2608-field_1-error\" required><label for=\"wpforms-2608-field_1\" class=\"wpforms-field-sublabel after\">Correo electr\u00f3nico<\/label><\/div><div class=\"wpforms-field-row-block wpforms-one-half\"><input type=\"email\" id=\"wpforms-2608-field_1-secondary\" class=\"wpforms-field-email-secondary wpforms-field-required\" data-rule-confirm=\"#wpforms-2608-field_1\" name=\"wpforms[fields][1][secondary]\" spellcheck=\"false\" aria-errormessage=\"wpforms-2608-field_1-secondary-error\" required><label for=\"wpforms-2608-field_1-secondary\" class=\"wpforms-field-sublabel after\">Confirmar el correo electr\u00f3nico<\/label><\/div><\/div><\/fieldset><\/div><div id=\"wpforms-2608-field_2-container\" class=\"wpforms-field wpforms-field-textarea\" data-field-id=\"2\"><label class=\"wpforms-field-label\" for=\"wpforms-2608-field_2\">Breve descripci\u00f3n de la situaci\u00f3n<\/label><textarea id=\"wpforms-2608-field_2\" class=\"wpforms-field-medium\" name=\"wpforms[fields][2]\" aria-errormessage=\"wpforms-2608-field_2-error\" aria-describedby=\"wpforms-2608-field_2-description\" ><\/textarea><div id=\"wpforms-2608-field_2-description\" class=\"wpforms-field-description\">Comp\u00e1rtanos m\u00e1s detalles de como podemos ayudarle<\/div><\/div><\/div><!-- .wpforms-field-container --><div class=\"wpforms-submit-container\" ><input type=\"hidden\" name=\"wpforms[id]\" value=\"2608\"><input type=\"hidden\" name=\"page_title\" value=\"\"><input type=\"hidden\" name=\"page_url\" value=\"https:\/\/surtidoraentecnologia.com\/index.php\/wp-json\/wp\/v2\/pages\/2616\"><input type=\"hidden\" name=\"url_referer\" value=\"\"><button type=\"submit\" name=\"wpforms[submit]\" id=\"wpforms-submit-2608\" class=\"wpforms-submit\" data-alt-text=\"Enviando...\" data-submit-text=\"Enviar\" aria-live=\"assertive\" value=\"wpforms-submit\">Enviar<\/button><img decoding=\"async\" src=\"https:\/\/surtidoraentecnologia.com\/wp-content\/plugins\/wpforms-lite\/assets\/images\/submit-spin.svg\" class=\"wpforms-submit-spinner\" style=\"display: none;\" width=\"26\" height=\"26\" alt=\"Cargando\"><\/div><\/form><\/div>  <!-- .wpforms-container -->","protected":false},"excerpt":{"rendered":"<p>Si est\u00e1 interesado en recibir m\u00e1s informaci\u00f3n acerca de alguno de nuestros servicios, por favor compartanos su informaci\u00f3n a continuaci\u00f3n.<\/p>\n","protected":false},"author":1,"featured_media":0,"parent":0,"menu_order":0,"comment_status":"closed","ping_status":"closed","template":"","meta":{"footnotes":""},"class_list":["post-2616","page","type-page","status-publish","hentry"],"_links":{"self":[{"href":"https:\/\/surtidoraentecnologia.com\/index.php\/wp-json\/wp\/v2\/pages\/2616","targetHints":{"allow":["GET"]}}],"collection":[{"href":"https:\/\/surtidoraentecnologia.com\/index.php\/wp-json\/wp\/v2\/pages"}],"about":[{"href":"https:\/\/surtidoraentecnologia.com\/index.php\/wp-json\/wp\/v2\/types\/page"}],"author":[{"embeddable":true,"href":"https:\/\/surtidoraentecnologia.com\/index.php\/wp-json\/wp\/v2\/users\/1"}],"replies":[{"embeddable":true,"href":"https:\/\/surtidoraentecnologia.com\/index.php\/wp-json\/wp\/v2\/comments?post=2616"}],"version-history":[{"count":2,"href":"https:\/\/surtidoraentecnologia.com\/index.php\/wp-json\/wp\/v2\/pages\/2616\/revisions"}],"predecessor-version":[{"id":2619,"href":"https:\/\/surtidoraentecnologia.com\/index.php\/wp-json\/wp\/v2\/pages\/2616\/revisions\/2619"}],"wp:attachment":[{"href":"https:\/\/surtidoraentecnologia.com\/index.php\/wp-json\/wp\/v2\/media?parent=2616"}],"curies":[{"name":"wp","href":"https:\/\/api.w.org\/{rel}","templated":true}]}}