{"id":27253,"date":"2025-08-27T19:40:55","date_gmt":"2025-08-27T19:40:55","guid":{"rendered":"https:\/\/surtidoraentecnologia.com\/index.php\/product\/camara-de-accion-epic-85-4k-ultra-hd-con-control-remoto-y-pantallas-duales\/"},"modified":"2025-08-27T19:40:55","modified_gmt":"2025-08-27T19:40:55","slug":"camara-de-accion-epic-85-4k-ultra-hd-con-control-remoto-y-pantallas-duales","status":"publish","type":"product","link":"https:\/\/surtidoraentecnologia.com\/index.php\/product\/camara-de-accion-epic-85-4k-ultra-hd-con-control-remoto-y-pantallas-duales\/","title":{"rendered":"C\u00c1MARA DE ACCI\u00d3N EPIC 85 4K ULTRA HD CON CONTROL REMOTO Y PANTALLAS DUALES"},"content":{"rendered":"<p>C\u00c1MARA DE ACCI\u00d3N EPIC 85 4K ULTRA HD CON CONTROL REMOTO Y PANTALLAS DUALES<\/p>\n","protected":false},"excerpt":{"rendered":"<p>C\u00c1MARA DE ACCI\u00d3N EPIC 85 4K ULTRA HD CON CONTROL REMOTO Y PANTALLAS DUALES<\/p>\n","protected":false},"featured_media":0,"template":"","meta":[],"product_brand":[],"product_cat":[],"product_tag":[],"class_list":{"0":"post-27253","1":"product","2":"type-product","3":"status-publish","6":"first","7":"instock","8":"shipping-taxable","9":"purchasable","10":"product-type-simple","11":"customify-col"},"_links":{"self":[{"href":"https:\/\/surtidoraentecnologia.com\/index.php\/wp-json\/wp\/v2\/product\/27253","targetHints":{"allow":["GET"]}}],"collection":[{"href":"https:\/\/surtidoraentecnologia.com\/index.php\/wp-json\/wp\/v2\/product"}],"about":[{"href":"https:\/\/surtidoraentecnologia.com\/index.php\/wp-json\/wp\/v2\/types\/product"}],"wp:attachment":[{"href":"https:\/\/surtidoraentecnologia.com\/index.php\/wp-json\/wp\/v2\/media?parent=27253"}],"wp:term":[{"taxonomy":"product_brand","embeddable":true,"href":"https:\/\/surtidoraentecnologia.com\/index.php\/wp-json\/wp\/v2\/product_brand?post=27253"},{"taxonomy":"product_cat","embeddable":true,"href":"https:\/\/surtidoraentecnologia.com\/index.php\/wp-json\/wp\/v2\/product_cat?post=27253"},{"taxonomy":"product_tag","embeddable":true,"href":"https:\/\/surtidoraentecnologia.com\/index.php\/wp-json\/wp\/v2\/product_tag?post=27253"}],"curies":[{"name":"wp","href":"https:\/\/api.w.org\/{rel}","templated":true}]}}