{"id":27290,"date":"2025-08-27T19:40:57","date_gmt":"2025-08-27T19:40:57","guid":{"rendered":"https:\/\/surtidoraentecnologia.com\/index.php\/product\/soporte-de-inclinacion-55-90-max-800x600\/"},"modified":"2025-08-27T19:40:57","modified_gmt":"2025-08-27T19:40:57","slug":"soporte-de-inclinacion-55-90-max-800x600","status":"publish","type":"product","link":"https:\/\/surtidoraentecnologia.com\/index.php\/product\/soporte-de-inclinacion-55-90-max-800x600\/","title":{"rendered":"SOPORTE DE INCLINACI\u00d3N 55-90&#8243; M\u00c1X. 800X600"},"content":{"rendered":"<p>SOPORTE DE INCLINACI\u00d3N 55-90&#8243; M\u00c1X. 800X600<\/p>\n","protected":false},"excerpt":{"rendered":"<p>SOPORTE DE INCLINACI\u00d3N 55-90&#8243; M\u00c1X. 800X600<\/p>\n","protected":false},"featured_media":0,"template":"","meta":[],"product_brand":[],"product_cat":[],"product_tag":[],"class_list":{"0":"post-27290","1":"product","2":"type-product","3":"status-publish","6":"first","7":"instock","8":"shipping-taxable","9":"purchasable","10":"product-type-simple","11":"customify-col"},"_links":{"self":[{"href":"https:\/\/surtidoraentecnologia.com\/index.php\/wp-json\/wp\/v2\/product\/27290","targetHints":{"allow":["GET"]}}],"collection":[{"href":"https:\/\/surtidoraentecnologia.com\/index.php\/wp-json\/wp\/v2\/product"}],"about":[{"href":"https:\/\/surtidoraentecnologia.com\/index.php\/wp-json\/wp\/v2\/types\/product"}],"wp:attachment":[{"href":"https:\/\/surtidoraentecnologia.com\/index.php\/wp-json\/wp\/v2\/media?parent=27290"}],"wp:term":[{"taxonomy":"product_brand","embeddable":true,"href":"https:\/\/surtidoraentecnologia.com\/index.php\/wp-json\/wp\/v2\/product_brand?post=27290"},{"taxonomy":"product_cat","embeddable":true,"href":"https:\/\/surtidoraentecnologia.com\/index.php\/wp-json\/wp\/v2\/product_cat?post=27290"},{"taxonomy":"product_tag","embeddable":true,"href":"https:\/\/surtidoraentecnologia.com\/index.php\/wp-json\/wp\/v2\/product_tag?post=27290"}],"curies":[{"name":"wp","href":"https:\/\/api.w.org\/{rel}","templated":true}]}}