{"id":27303,"date":"2025-08-27T19:40:58","date_gmt":"2025-08-27T19:40:58","guid":{"rendered":"https:\/\/surtidoraentecnologia.com\/index.php\/product\/carga-inalambrica-rapida-de-15-w-surface-p2\/"},"modified":"2025-08-27T19:40:58","modified_gmt":"2025-08-27T19:40:58","slug":"carga-inalambrica-rapida-de-15-w-surface-p2","status":"publish","type":"product","link":"https:\/\/surtidoraentecnologia.com\/index.php\/product\/carga-inalambrica-rapida-de-15-w-surface-p2\/","title":{"rendered":"CARGA INAL\u00c1MBRICA R\u00c1PIDA DE 15 W SURFACE P2"},"content":{"rendered":"<p>CARGA INAL\u00c1MBRICA R\u00c1PIDA DE 15 W SURFACE P2<\/p>\n","protected":false},"excerpt":{"rendered":"<p>CARGA INAL\u00c1MBRICA R\u00c1PIDA DE 15 W SURFACE P2<\/p>\n","protected":false},"featured_media":0,"template":"","meta":[],"product_brand":[],"product_cat":[],"product_tag":[],"class_list":{"0":"post-27303","1":"product","2":"type-product","3":"status-publish","6":"first","7":"instock","8":"shipping-taxable","9":"purchasable","10":"product-type-simple","11":"customify-col"},"_links":{"self":[{"href":"https:\/\/surtidoraentecnologia.com\/index.php\/wp-json\/wp\/v2\/product\/27303","targetHints":{"allow":["GET"]}}],"collection":[{"href":"https:\/\/surtidoraentecnologia.com\/index.php\/wp-json\/wp\/v2\/product"}],"about":[{"href":"https:\/\/surtidoraentecnologia.com\/index.php\/wp-json\/wp\/v2\/types\/product"}],"wp:attachment":[{"href":"https:\/\/surtidoraentecnologia.com\/index.php\/wp-json\/wp\/v2\/media?parent=27303"}],"wp:term":[{"taxonomy":"product_brand","embeddable":true,"href":"https:\/\/surtidoraentecnologia.com\/index.php\/wp-json\/wp\/v2\/product_brand?post=27303"},{"taxonomy":"product_cat","embeddable":true,"href":"https:\/\/surtidoraentecnologia.com\/index.php\/wp-json\/wp\/v2\/product_cat?post=27303"},{"taxonomy":"product_tag","embeddable":true,"href":"https:\/\/surtidoraentecnologia.com\/index.php\/wp-json\/wp\/v2\/product_tag?post=27303"}],"curies":[{"name":"wp","href":"https:\/\/api.w.org\/{rel}","templated":true}]}}