{"id":27312,"date":"2025-08-27T19:40:58","date_gmt":"2025-08-27T19:40:58","guid":{"rendered":"https:\/\/surtidoraentecnologia.com\/index.php\/product\/argom-kinetic-s2-soporte-y-cargador-rapido-inalambrico-con-certificacion-qi-de-15w\/"},"modified":"2025-08-27T19:40:58","modified_gmt":"2025-08-27T19:40:58","slug":"argom-kinetic-s2-soporte-y-cargador-rapido-inalambrico-con-certificacion-qi-de-15w","status":"publish","type":"product","link":"https:\/\/surtidoraentecnologia.com\/index.php\/product\/argom-kinetic-s2-soporte-y-cargador-rapido-inalambrico-con-certificacion-qi-de-15w\/","title":{"rendered":"ARGOM KINETIC S2 &#8211; SOPORTE Y CARGADOR R\u00c1PIDO INAL\u00c1MBRICO CON CERTIFICACI\u00d3N QI DE 15W"},"content":{"rendered":"<p>ARGOM KINETIC S2 &#8211; SOPORTE Y CARGADOR R\u00c1PIDO INAL\u00c1MBRICO CON CERTIFICACI\u00d3N QI DE 15W<\/p>\n","protected":false},"excerpt":{"rendered":"<p>ARGOM KINETIC S2 &#8211; SOPORTE Y CARGADOR R\u00c1PIDO INAL\u00c1MBRICO CON CERTIFICACI\u00d3N QI DE 15W<\/p>\n","protected":false},"featured_media":0,"template":"","meta":[],"product_brand":[],"product_cat":[],"product_tag":[],"class_list":{"0":"post-27312","1":"product","2":"type-product","3":"status-publish","6":"first","7":"instock","8":"shipping-taxable","9":"purchasable","10":"product-type-simple","11":"customify-col"},"_links":{"self":[{"href":"https:\/\/surtidoraentecnologia.com\/index.php\/wp-json\/wp\/v2\/product\/27312","targetHints":{"allow":["GET"]}}],"collection":[{"href":"https:\/\/surtidoraentecnologia.com\/index.php\/wp-json\/wp\/v2\/product"}],"about":[{"href":"https:\/\/surtidoraentecnologia.com\/index.php\/wp-json\/wp\/v2\/types\/product"}],"wp:attachment":[{"href":"https:\/\/surtidoraentecnologia.com\/index.php\/wp-json\/wp\/v2\/media?parent=27312"}],"wp:term":[{"taxonomy":"product_brand","embeddable":true,"href":"https:\/\/surtidoraentecnologia.com\/index.php\/wp-json\/wp\/v2\/product_brand?post=27312"},{"taxonomy":"product_cat","embeddable":true,"href":"https:\/\/surtidoraentecnologia.com\/index.php\/wp-json\/wp\/v2\/product_cat?post=27312"},{"taxonomy":"product_tag","embeddable":true,"href":"https:\/\/surtidoraentecnologia.com\/index.php\/wp-json\/wp\/v2\/product_tag?post=27312"}],"curies":[{"name":"wp","href":"https:\/\/api.w.org\/{rel}","templated":true}]}}