{"id":27688,"date":"2025-08-27T19:47:48","date_gmt":"2025-08-27T19:47:48","guid":{"rendered":"https:\/\/surtidoraentecnologia.com\/index.php\/product\/estacion-de-conexion-usb-3-0-superspeed-a-disco-duro-externo-sata-para-hdd-2-5-o-3-5\/"},"modified":"2025-08-27T19:47:48","modified_gmt":"2025-08-27T19:47:48","slug":"estacion-de-conexion-usb-3-0-superspeed-a-disco-duro-externo-sata-para-hdd-2-5-o-3-5","status":"publish","type":"product","link":"https:\/\/surtidoraentecnologia.com\/index.php\/product\/estacion-de-conexion-usb-3-0-superspeed-a-disco-duro-externo-sata-para-hdd-2-5-o-3-5\/","title":{"rendered":"Estaci\u00f3n de Conexi\u00f3n USB 3.0 SuperSpeed a Disco Duro Externo SATA para HDD 2.5&#8243; o 3.5&#8243;"},"content":{"rendered":"<p>Estaci\u00f3n de Conexi\u00f3n USB 3.0 SuperSpeed a Disco Duro Externo SATA para HDD 2.5&#8243; o 3.5&#8243;<\/p>\n","protected":false},"excerpt":{"rendered":"<p>Estaci\u00f3n de Conexi\u00f3n USB 3.0 SuperSpeed a Disco Duro Externo SATA para HDD 2.5&#8243; o 3.5&#8243;<\/p>\n","protected":false},"featured_media":0,"template":"","meta":[],"product_brand":[],"product_cat":[],"product_tag":[],"class_list":{"0":"post-27688","1":"product","2":"type-product","3":"status-publish","6":"first","7":"outofstock","8":"shipping-taxable","9":"purchasable","10":"product-type-simple","11":"customify-col"},"_links":{"self":[{"href":"https:\/\/surtidoraentecnologia.com\/index.php\/wp-json\/wp\/v2\/product\/27688","targetHints":{"allow":["GET"]}}],"collection":[{"href":"https:\/\/surtidoraentecnologia.com\/index.php\/wp-json\/wp\/v2\/product"}],"about":[{"href":"https:\/\/surtidoraentecnologia.com\/index.php\/wp-json\/wp\/v2\/types\/product"}],"wp:attachment":[{"href":"https:\/\/surtidoraentecnologia.com\/index.php\/wp-json\/wp\/v2\/media?parent=27688"}],"wp:term":[{"taxonomy":"product_brand","embeddable":true,"href":"https:\/\/surtidoraentecnologia.com\/index.php\/wp-json\/wp\/v2\/product_brand?post=27688"},{"taxonomy":"product_cat","embeddable":true,"href":"https:\/\/surtidoraentecnologia.com\/index.php\/wp-json\/wp\/v2\/product_cat?post=27688"},{"taxonomy":"product_tag","embeddable":true,"href":"https:\/\/surtidoraentecnologia.com\/index.php\/wp-json\/wp\/v2\/product_tag?post=27688"}],"curies":[{"name":"wp","href":"https:\/\/api.w.org\/{rel}","templated":true}]}}