{"id":27690,"date":"2025-08-27T19:47:48","date_gmt":"2025-08-27T19:47:48","guid":{"rendered":"https:\/\/surtidoraentecnologia.com\/index.php\/product\/estacion-de-conexion-usb-3-0-superspeed-a-dos-discos-duros-externos-sata-con-clonacion-para-discos-d\/"},"modified":"2025-08-27T19:47:48","modified_gmt":"2025-08-27T19:47:48","slug":"estacion-de-conexion-usb-3-0-superspeed-a-dos-discos-duros-externos-sata-con-clonacion-para-discos-d","status":"publish","type":"product","link":"https:\/\/surtidoraentecnologia.com\/index.php\/product\/estacion-de-conexion-usb-3-0-superspeed-a-dos-discos-duros-externos-sata-con-clonacion-para-discos-d\/","title":{"rendered":"Estaci\u00f3n de Conexi\u00f3n USB 3.0 SuperSpeed a Dos Discos Duros Externos SATA con Clonaci\u00f3n para discos d"},"content":{"rendered":"<p>Estaci\u00f3n de Conexi\u00f3n USB 3.0 SuperSpeed a Dos Discos Duros Externos SATA con Clonaci\u00f3n para discos d<\/p>\n","protected":false},"excerpt":{"rendered":"<p>Estaci\u00f3n de Conexi\u00f3n USB 3.0 SuperSpeed a Dos Discos Duros Externos SATA con Clonaci\u00f3n para discos d<\/p>\n","protected":false},"featured_media":0,"template":"","meta":[],"product_brand":[],"product_cat":[],"product_tag":[],"class_list":{"0":"post-27690","1":"product","2":"type-product","3":"status-publish","6":"first","7":"outofstock","8":"shipping-taxable","9":"purchasable","10":"product-type-simple","11":"customify-col"},"_links":{"self":[{"href":"https:\/\/surtidoraentecnologia.com\/index.php\/wp-json\/wp\/v2\/product\/27690","targetHints":{"allow":["GET"]}}],"collection":[{"href":"https:\/\/surtidoraentecnologia.com\/index.php\/wp-json\/wp\/v2\/product"}],"about":[{"href":"https:\/\/surtidoraentecnologia.com\/index.php\/wp-json\/wp\/v2\/types\/product"}],"wp:attachment":[{"href":"https:\/\/surtidoraentecnologia.com\/index.php\/wp-json\/wp\/v2\/media?parent=27690"}],"wp:term":[{"taxonomy":"product_brand","embeddable":true,"href":"https:\/\/surtidoraentecnologia.com\/index.php\/wp-json\/wp\/v2\/product_brand?post=27690"},{"taxonomy":"product_cat","embeddable":true,"href":"https:\/\/surtidoraentecnologia.com\/index.php\/wp-json\/wp\/v2\/product_cat?post=27690"},{"taxonomy":"product_tag","embeddable":true,"href":"https:\/\/surtidoraentecnologia.com\/index.php\/wp-json\/wp\/v2\/product_tag?post=27690"}],"curies":[{"name":"wp","href":"https:\/\/api.w.org\/{rel}","templated":true}]}}