{"id":27863,"date":"2025-08-27T19:47:59","date_gmt":"2025-08-27T19:47:59","guid":{"rendered":"https:\/\/surtidoraentecnologia.com\/index.php\/product\/pb-s12w-12000mah-carga-inalambrica-rapida-de-15w\/"},"modified":"2025-08-27T19:47:59","modified_gmt":"2025-08-27T19:47:59","slug":"pb-s12w-12000mah-carga-inalambrica-rapida-de-15w","status":"publish","type":"product","link":"https:\/\/surtidoraentecnologia.com\/index.php\/product\/pb-s12w-12000mah-carga-inalambrica-rapida-de-15w\/","title":{"rendered":"PB S12W 12000MAH, CARGA INAL\u00c1MBRICA R\u00c1PIDA DE 15W"},"content":{"rendered":"<p>PB S12W 12000MAH, CARGA INAL\u00c1MBRICA R\u00c1PIDA DE 15W<\/p>\n","protected":false},"excerpt":{"rendered":"<p>PB S12W 12000MAH, CARGA INAL\u00c1MBRICA R\u00c1PIDA DE 15W<\/p>\n","protected":false},"featured_media":0,"template":"","meta":[],"product_brand":[],"product_cat":[],"product_tag":[],"class_list":{"0":"post-27863","1":"product","2":"type-product","3":"status-publish","6":"first","7":"outofstock","8":"shipping-taxable","9":"purchasable","10":"product-type-simple","11":"customify-col"},"_links":{"self":[{"href":"https:\/\/surtidoraentecnologia.com\/index.php\/wp-json\/wp\/v2\/product\/27863","targetHints":{"allow":["GET"]}}],"collection":[{"href":"https:\/\/surtidoraentecnologia.com\/index.php\/wp-json\/wp\/v2\/product"}],"about":[{"href":"https:\/\/surtidoraentecnologia.com\/index.php\/wp-json\/wp\/v2\/types\/product"}],"wp:attachment":[{"href":"https:\/\/surtidoraentecnologia.com\/index.php\/wp-json\/wp\/v2\/media?parent=27863"}],"wp:term":[{"taxonomy":"product_brand","embeddable":true,"href":"https:\/\/surtidoraentecnologia.com\/index.php\/wp-json\/wp\/v2\/product_brand?post=27863"},{"taxonomy":"product_cat","embeddable":true,"href":"https:\/\/surtidoraentecnologia.com\/index.php\/wp-json\/wp\/v2\/product_cat?post=27863"},{"taxonomy":"product_tag","embeddable":true,"href":"https:\/\/surtidoraentecnologia.com\/index.php\/wp-json\/wp\/v2\/product_tag?post=27863"}],"curies":[{"name":"wp","href":"https:\/\/api.w.org\/{rel}","templated":true}]}}