{"id":27974,"date":"2025-08-27T19:48:05","date_gmt":"2025-08-27T19:48:05","guid":{"rendered":"https:\/\/surtidoraentecnologia.com\/index.php\/product\/audifono-aereo-estereo-64-conector-plug-3-5-con-microfono-y-control-de-volumen\/"},"modified":"2025-08-27T19:48:05","modified_gmt":"2025-08-27T19:48:05","slug":"audifono-aereo-estereo-64-conector-plug-3-5-con-microfono-y-control-de-volumen","status":"publish","type":"product","link":"https:\/\/surtidoraentecnologia.com\/index.php\/product\/audifono-aereo-estereo-64-conector-plug-3-5-con-microfono-y-control-de-volumen\/","title":{"rendered":"Aud\u00edfono Aereo Est\u00e9reo 64 conector plug 3.5&#8243; con Micr\u00f3fono y Control de Volumen"},"content":{"rendered":"<p>Aud\u00edfono Aereo Est\u00e9reo 64 conector plug 3.5&#8243; con Micr\u00f3fono y Control de Volumen<\/p>\n","protected":false},"excerpt":{"rendered":"<p>Aud\u00edfono Aereo Est\u00e9reo 64 conector plug 3.5&#8243; con Micr\u00f3fono y Control de Volumen<\/p>\n","protected":false},"featured_media":0,"template":"","meta":[],"product_brand":[],"product_cat":[],"product_tag":[],"class_list":{"0":"post-27974","1":"product","2":"type-product","3":"status-publish","6":"first","7":"outofstock","8":"shipping-taxable","9":"purchasable","10":"product-type-simple","11":"customify-col"},"_links":{"self":[{"href":"https:\/\/surtidoraentecnologia.com\/index.php\/wp-json\/wp\/v2\/product\/27974","targetHints":{"allow":["GET"]}}],"collection":[{"href":"https:\/\/surtidoraentecnologia.com\/index.php\/wp-json\/wp\/v2\/product"}],"about":[{"href":"https:\/\/surtidoraentecnologia.com\/index.php\/wp-json\/wp\/v2\/types\/product"}],"wp:attachment":[{"href":"https:\/\/surtidoraentecnologia.com\/index.php\/wp-json\/wp\/v2\/media?parent=27974"}],"wp:term":[{"taxonomy":"product_brand","embeddable":true,"href":"https:\/\/surtidoraentecnologia.com\/index.php\/wp-json\/wp\/v2\/product_brand?post=27974"},{"taxonomy":"product_cat","embeddable":true,"href":"https:\/\/surtidoraentecnologia.com\/index.php\/wp-json\/wp\/v2\/product_cat?post=27974"},{"taxonomy":"product_tag","embeddable":true,"href":"https:\/\/surtidoraentecnologia.com\/index.php\/wp-json\/wp\/v2\/product_tag?post=27974"}],"curies":[{"name":"wp","href":"https:\/\/api.w.org\/{rel}","templated":true}]}}