{"id":28074,"date":"2025-08-27T19:48:10","date_gmt":"2025-08-27T19:48:10","guid":{"rendered":"https:\/\/surtidoraentecnologia.com\/index.php\/product\/timbre-smart-video-portero-fhd-1080p-vision-nocturna\/"},"modified":"2025-08-27T19:48:10","modified_gmt":"2025-08-27T19:48:10","slug":"timbre-smart-video-portero-fhd-1080p-vision-nocturna","status":"publish","type":"product","link":"https:\/\/surtidoraentecnologia.com\/index.php\/product\/timbre-smart-video-portero-fhd-1080p-vision-nocturna\/","title":{"rendered":"TIMBRE SMART, V\u00cdDEO PORTERO, FHD 1080P , VISI\u00d3N NOCTURNA"},"content":{"rendered":"<p>TIMBRE SMART, V\u00cdDEO PORTERO, FHD 1080P , VISI\u00d3N NOCTURNA<\/p>\n","protected":false},"excerpt":{"rendered":"<p>TIMBRE SMART, V\u00cdDEO PORTERO, FHD 1080P , VISI\u00d3N NOCTURNA<\/p>\n","protected":false},"featured_media":0,"template":"","meta":[],"product_brand":[],"product_cat":[],"product_tag":[],"class_list":{"0":"post-28074","1":"product","2":"type-product","3":"status-publish","6":"first","7":"outofstock","8":"shipping-taxable","9":"purchasable","10":"product-type-simple","11":"customify-col"},"_links":{"self":[{"href":"https:\/\/surtidoraentecnologia.com\/index.php\/wp-json\/wp\/v2\/product\/28074","targetHints":{"allow":["GET"]}}],"collection":[{"href":"https:\/\/surtidoraentecnologia.com\/index.php\/wp-json\/wp\/v2\/product"}],"about":[{"href":"https:\/\/surtidoraentecnologia.com\/index.php\/wp-json\/wp\/v2\/types\/product"}],"wp:attachment":[{"href":"https:\/\/surtidoraentecnologia.com\/index.php\/wp-json\/wp\/v2\/media?parent=28074"}],"wp:term":[{"taxonomy":"product_brand","embeddable":true,"href":"https:\/\/surtidoraentecnologia.com\/index.php\/wp-json\/wp\/v2\/product_brand?post=28074"},{"taxonomy":"product_cat","embeddable":true,"href":"https:\/\/surtidoraentecnologia.com\/index.php\/wp-json\/wp\/v2\/product_cat?post=28074"},{"taxonomy":"product_tag","embeddable":true,"href":"https:\/\/surtidoraentecnologia.com\/index.php\/wp-json\/wp\/v2\/product_tag?post=28074"}],"curies":[{"name":"wp","href":"https:\/\/api.w.org\/{rel}","templated":true}]}}