{"id":28082,"date":"2025-08-27T19:48:10","date_gmt":"2025-08-27T19:48:10","guid":{"rendered":"https:\/\/surtidoraentecnologia.com\/index.php\/product\/auriculares-estereo-bt-inalambricos-verdaderos-skeipods-e66-con-cancelacion-de-ruido-ai-enc-y-pantal\/"},"modified":"2025-08-27T19:48:10","modified_gmt":"2025-08-27T19:48:10","slug":"auriculares-estereo-bt-inalambricos-verdaderos-skeipods-e66-con-cancelacion-de-ruido-ai-enc-y-pantal","status":"publish","type":"product","link":"https:\/\/surtidoraentecnologia.com\/index.php\/product\/auriculares-estereo-bt-inalambricos-verdaderos-skeipods-e66-con-cancelacion-de-ruido-ai-enc-y-pantal\/","title":{"rendered":"AURICULARES EST\u00c9REO BT INAL\u00c1MBRICOS VERDADEROS SKEIPODS E66 CON CANCELACI\u00d3N DE RUIDO AI ENC Y PANTAL"},"content":{"rendered":"<p>AURICULARES EST\u00c9REO BT INAL\u00c1MBRICOS VERDADEROS SKEIPODS E66 CON CANCELACI\u00d3N DE RUIDO AI ENC Y PANTAL<\/p>\n","protected":false},"excerpt":{"rendered":"<p>AURICULARES EST\u00c9REO BT INAL\u00c1MBRICOS VERDADEROS SKEIPODS E66 CON CANCELACI\u00d3N DE RUIDO AI ENC Y PANTAL<\/p>\n","protected":false},"featured_media":0,"template":"","meta":[],"product_brand":[],"product_cat":[],"product_tag":[],"class_list":{"0":"post-28082","1":"product","2":"type-product","3":"status-publish","6":"first","7":"instock","8":"shipping-taxable","9":"purchasable","10":"product-type-simple","11":"customify-col"},"_links":{"self":[{"href":"https:\/\/surtidoraentecnologia.com\/index.php\/wp-json\/wp\/v2\/product\/28082","targetHints":{"allow":["GET"]}}],"collection":[{"href":"https:\/\/surtidoraentecnologia.com\/index.php\/wp-json\/wp\/v2\/product"}],"about":[{"href":"https:\/\/surtidoraentecnologia.com\/index.php\/wp-json\/wp\/v2\/types\/product"}],"wp:attachment":[{"href":"https:\/\/surtidoraentecnologia.com\/index.php\/wp-json\/wp\/v2\/media?parent=28082"}],"wp:term":[{"taxonomy":"product_brand","embeddable":true,"href":"https:\/\/surtidoraentecnologia.com\/index.php\/wp-json\/wp\/v2\/product_brand?post=28082"},{"taxonomy":"product_cat","embeddable":true,"href":"https:\/\/surtidoraentecnologia.com\/index.php\/wp-json\/wp\/v2\/product_cat?post=28082"},{"taxonomy":"product_tag","embeddable":true,"href":"https:\/\/surtidoraentecnologia.com\/index.php\/wp-json\/wp\/v2\/product_tag?post=28082"}],"curies":[{"name":"wp","href":"https:\/\/api.w.org\/{rel}","templated":true}]}}