{"id":28087,"date":"2025-08-27T19:48:11","date_gmt":"2025-08-27T19:48:11","guid":{"rendered":"https:\/\/surtidoraentecnologia.com\/index.php\/product\/proyector-epson-laser-powerlite-l520w-5200-lumenes-wxga\/"},"modified":"2025-08-27T19:48:11","modified_gmt":"2025-08-27T19:48:11","slug":"proyector-epson-laser-powerlite-l520w-5200-lumenes-wxga","status":"publish","type":"product","link":"https:\/\/surtidoraentecnologia.com\/index.php\/product\/proyector-epson-laser-powerlite-l520w-5200-lumenes-wxga\/","title":{"rendered":"Proyector Epson L\u00e1ser PowerLite L520W 5,200 l\u00famenes | WXGA"},"content":{"rendered":"<p>Proyector Epson L\u00e1ser PowerLite L520W 5,200 l\u00famenes | WXGA<\/p>\n","protected":false},"excerpt":{"rendered":"<p>Proyector Epson L\u00e1ser PowerLite L520W 5,200 l\u00famenes | WXGA<\/p>\n","protected":false},"featured_media":0,"template":"","meta":[],"product_brand":[],"product_cat":[],"product_tag":[],"class_list":{"0":"post-28087","1":"product","2":"type-product","3":"status-publish","6":"first","7":"instock","8":"shipping-taxable","9":"purchasable","10":"product-type-simple","11":"customify-col"},"_links":{"self":[{"href":"https:\/\/surtidoraentecnologia.com\/index.php\/wp-json\/wp\/v2\/product\/28087","targetHints":{"allow":["GET"]}}],"collection":[{"href":"https:\/\/surtidoraentecnologia.com\/index.php\/wp-json\/wp\/v2\/product"}],"about":[{"href":"https:\/\/surtidoraentecnologia.com\/index.php\/wp-json\/wp\/v2\/types\/product"}],"wp:attachment":[{"href":"https:\/\/surtidoraentecnologia.com\/index.php\/wp-json\/wp\/v2\/media?parent=28087"}],"wp:term":[{"taxonomy":"product_brand","embeddable":true,"href":"https:\/\/surtidoraentecnologia.com\/index.php\/wp-json\/wp\/v2\/product_brand?post=28087"},{"taxonomy":"product_cat","embeddable":true,"href":"https:\/\/surtidoraentecnologia.com\/index.php\/wp-json\/wp\/v2\/product_cat?post=28087"},{"taxonomy":"product_tag","embeddable":true,"href":"https:\/\/surtidoraentecnologia.com\/index.php\/wp-json\/wp\/v2\/product_tag?post=28087"}],"curies":[{"name":"wp","href":"https:\/\/api.w.org\/{rel}","templated":true}]}}