{"id":28187,"date":"2025-08-27T19:48:16","date_gmt":"2025-08-27T19:48:16","guid":{"rendered":"https:\/\/surtidoraentecnologia.com\/index.php\/product\/lector-de-codigos-de-barras-laser-lineal-sat-ld101r-plus-usb\/"},"modified":"2025-08-27T19:48:16","modified_gmt":"2025-08-27T19:48:16","slug":"lector-de-codigos-de-barras-laser-lineal-sat-ld101r-plus-usb","status":"publish","type":"product","link":"https:\/\/surtidoraentecnologia.com\/index.php\/product\/lector-de-codigos-de-barras-laser-lineal-sat-ld101r-plus-usb\/","title":{"rendered":"Lector De C\u00f3digos De Barras L\u00e1ser Lineal SAT LD101R Plus USB"},"content":{"rendered":"<p>Lector De C\u00f3digos De Barras L\u00e1ser Lineal SAT LD101R Plus USB<\/p>\n","protected":false},"excerpt":{"rendered":"<p>Lector De C\u00f3digos De Barras L\u00e1ser Lineal SAT LD101R Plus USB<\/p>\n","protected":false},"featured_media":0,"template":"","meta":[],"product_brand":[],"product_cat":[],"product_tag":[],"class_list":{"0":"post-28187","1":"product","2":"type-product","3":"status-publish","6":"first","7":"outofstock","8":"shipping-taxable","9":"purchasable","10":"product-type-simple","11":"customify-col"},"_links":{"self":[{"href":"https:\/\/surtidoraentecnologia.com\/index.php\/wp-json\/wp\/v2\/product\/28187","targetHints":{"allow":["GET"]}}],"collection":[{"href":"https:\/\/surtidoraentecnologia.com\/index.php\/wp-json\/wp\/v2\/product"}],"about":[{"href":"https:\/\/surtidoraentecnologia.com\/index.php\/wp-json\/wp\/v2\/types\/product"}],"wp:attachment":[{"href":"https:\/\/surtidoraentecnologia.com\/index.php\/wp-json\/wp\/v2\/media?parent=28187"}],"wp:term":[{"taxonomy":"product_brand","embeddable":true,"href":"https:\/\/surtidoraentecnologia.com\/index.php\/wp-json\/wp\/v2\/product_brand?post=28187"},{"taxonomy":"product_cat","embeddable":true,"href":"https:\/\/surtidoraentecnologia.com\/index.php\/wp-json\/wp\/v2\/product_cat?post=28187"},{"taxonomy":"product_tag","embeddable":true,"href":"https:\/\/surtidoraentecnologia.com\/index.php\/wp-json\/wp\/v2\/product_tag?post=28187"}],"curies":[{"name":"wp","href":"https:\/\/api.w.org\/{rel}","templated":true}]}}