{"id":28903,"date":"2025-08-27T19:49:00","date_gmt":"2025-08-27T19:49:00","guid":{"rendered":"https:\/\/surtidoraentecnologia.com\/index.php\/product\/senalizacion-digital-samsung-oh55a-s-lcd-de-55\/"},"modified":"2025-08-27T19:49:00","modified_gmt":"2025-08-27T19:49:00","slug":"senalizacion-digital-samsung-oh55a-s-lcd-de-55","status":"publish","type":"product","link":"https:\/\/surtidoraentecnologia.com\/index.php\/product\/senalizacion-digital-samsung-oh55a-s-lcd-de-55\/","title":{"rendered":"se\u00f1alizaci\u00f3n digital Samsung OH55A-S &#8211; LCD de 55&#8243;"},"content":{"rendered":"<p>se\u00f1alizaci\u00f3n digital Samsung OH55A-S &#8211; LCD de 55&#8243;<\/p>\n","protected":false},"excerpt":{"rendered":"<p>se\u00f1alizaci\u00f3n digital Samsung OH55A-S &#8211; LCD de 55&#8243;<\/p>\n","protected":false},"featured_media":0,"template":"","meta":[],"product_brand":[],"product_cat":[],"product_tag":[],"class_list":{"0":"post-28903","1":"product","2":"type-product","3":"status-publish","6":"first","7":"outofstock","8":"shipping-taxable","9":"purchasable","10":"product-type-simple","11":"customify-col"},"_links":{"self":[{"href":"https:\/\/surtidoraentecnologia.com\/index.php\/wp-json\/wp\/v2\/product\/28903","targetHints":{"allow":["GET"]}}],"collection":[{"href":"https:\/\/surtidoraentecnologia.com\/index.php\/wp-json\/wp\/v2\/product"}],"about":[{"href":"https:\/\/surtidoraentecnologia.com\/index.php\/wp-json\/wp\/v2\/types\/product"}],"wp:attachment":[{"href":"https:\/\/surtidoraentecnologia.com\/index.php\/wp-json\/wp\/v2\/media?parent=28903"}],"wp:term":[{"taxonomy":"product_brand","embeddable":true,"href":"https:\/\/surtidoraentecnologia.com\/index.php\/wp-json\/wp\/v2\/product_brand?post=28903"},{"taxonomy":"product_cat","embeddable":true,"href":"https:\/\/surtidoraentecnologia.com\/index.php\/wp-json\/wp\/v2\/product_cat?post=28903"},{"taxonomy":"product_tag","embeddable":true,"href":"https:\/\/surtidoraentecnologia.com\/index.php\/wp-json\/wp\/v2\/product_tag?post=28903"}],"curies":[{"name":"wp","href":"https:\/\/api.w.org\/{rel}","templated":true}]}}