{"id":29055,"date":"2025-08-28T03:00:45","date_gmt":"2025-08-28T03:00:45","guid":{"rendered":"https:\/\/surtidoraentecnologia.com\/index.php\/product\/teclado-numerico-retractil-usb-19-teclas\/"},"modified":"2025-08-28T03:00:45","modified_gmt":"2025-08-28T03:00:45","slug":"teclado-numerico-retractil-usb-19-teclas","status":"publish","type":"product","link":"https:\/\/surtidoraentecnologia.com\/index.php\/product\/teclado-numerico-retractil-usb-19-teclas\/","title":{"rendered":"Teclado Num\u00e9rico Retr\u00e1ctil USB &#8211; 19 Teclas"},"content":{"rendered":"<p>Teclado Num\u00e9rico Retr\u00e1ctil USB &#8211; 19 Teclas<\/p>\n","protected":false},"excerpt":{"rendered":"<p>Teclado Num\u00e9rico Retr\u00e1ctil USB &#8211; 19 Teclas<\/p>\n","protected":false},"featured_media":0,"template":"","meta":[],"product_brand":[],"product_cat":[],"product_tag":[],"class_list":{"0":"post-29055","1":"product","2":"type-product","3":"status-publish","6":"first","7":"instock","8":"shipping-taxable","9":"purchasable","10":"product-type-simple","11":"customify-col"},"_links":{"self":[{"href":"https:\/\/surtidoraentecnologia.com\/index.php\/wp-json\/wp\/v2\/product\/29055","targetHints":{"allow":["GET"]}}],"collection":[{"href":"https:\/\/surtidoraentecnologia.com\/index.php\/wp-json\/wp\/v2\/product"}],"about":[{"href":"https:\/\/surtidoraentecnologia.com\/index.php\/wp-json\/wp\/v2\/types\/product"}],"wp:attachment":[{"href":"https:\/\/surtidoraentecnologia.com\/index.php\/wp-json\/wp\/v2\/media?parent=29055"}],"wp:term":[{"taxonomy":"product_brand","embeddable":true,"href":"https:\/\/surtidoraentecnologia.com\/index.php\/wp-json\/wp\/v2\/product_brand?post=29055"},{"taxonomy":"product_cat","embeddable":true,"href":"https:\/\/surtidoraentecnologia.com\/index.php\/wp-json\/wp\/v2\/product_cat?post=29055"},{"taxonomy":"product_tag","embeddable":true,"href":"https:\/\/surtidoraentecnologia.com\/index.php\/wp-json\/wp\/v2\/product_tag?post=29055"}],"curies":[{"name":"wp","href":"https:\/\/api.w.org\/{rel}","templated":true}]}}