{"id":29287,"date":"2025-08-28T03:01:12","date_gmt":"2025-08-28T03:01:12","guid":{"rendered":"https:\/\/surtidoraentecnologia.com\/index.php\/product\/raton-y-teclado-inalambricos-dell-pro-km5221w-espanol\/"},"modified":"2025-08-28T03:01:12","modified_gmt":"2025-08-28T03:01:12","slug":"raton-y-teclado-inalambricos-dell-pro-km5221w-espanol","status":"publish","type":"product","link":"https:\/\/surtidoraentecnologia.com\/index.php\/product\/raton-y-teclado-inalambricos-dell-pro-km5221w-espanol\/","title":{"rendered":"Rat\u00f3n y teclado inal\u00e1mbricos Dell Pro &#8211; KM5221W &#8211; espa\u00f1ol"},"content":{"rendered":"<p>Rat\u00f3n y teclado inal\u00e1mbricos Dell Pro &#8211; KM5221W &#8211; espa\u00f1ol<\/p>\n","protected":false},"excerpt":{"rendered":"<p>Rat\u00f3n y teclado inal\u00e1mbricos Dell Pro &#8211; KM5221W &#8211; espa\u00f1ol<\/p>\n","protected":false},"featured_media":0,"template":"","meta":[],"product_brand":[],"product_cat":[],"product_tag":[],"class_list":{"0":"post-29287","1":"product","2":"type-product","3":"status-publish","6":"first","7":"outofstock","8":"shipping-taxable","9":"purchasable","10":"product-type-simple","11":"customify-col"},"_links":{"self":[{"href":"https:\/\/surtidoraentecnologia.com\/index.php\/wp-json\/wp\/v2\/product\/29287","targetHints":{"allow":["GET"]}}],"collection":[{"href":"https:\/\/surtidoraentecnologia.com\/index.php\/wp-json\/wp\/v2\/product"}],"about":[{"href":"https:\/\/surtidoraentecnologia.com\/index.php\/wp-json\/wp\/v2\/types\/product"}],"wp:attachment":[{"href":"https:\/\/surtidoraentecnologia.com\/index.php\/wp-json\/wp\/v2\/media?parent=29287"}],"wp:term":[{"taxonomy":"product_brand","embeddable":true,"href":"https:\/\/surtidoraentecnologia.com\/index.php\/wp-json\/wp\/v2\/product_brand?post=29287"},{"taxonomy":"product_cat","embeddable":true,"href":"https:\/\/surtidoraentecnologia.com\/index.php\/wp-json\/wp\/v2\/product_cat?post=29287"},{"taxonomy":"product_tag","embeddable":true,"href":"https:\/\/surtidoraentecnologia.com\/index.php\/wp-json\/wp\/v2\/product_tag?post=29287"}],"curies":[{"name":"wp","href":"https:\/\/api.w.org\/{rel}","templated":true}]}}