{"id":29718,"date":"2025-08-28T03:01:33","date_gmt":"2025-08-28T03:01:33","guid":{"rendered":"https:\/\/surtidoraentecnologia.com\/index.php\/product\/kit-teclado-mouse-usb-espanol-n-multilaser-negro-tc503-alambrico\/"},"modified":"2025-08-28T03:01:33","modified_gmt":"2025-08-28T03:01:33","slug":"kit-teclado-mouse-usb-espanol-n-multilaser-negro-tc503-alambrico","status":"publish","type":"product","link":"https:\/\/surtidoraentecnologia.com\/index.php\/product\/kit-teclado-mouse-usb-espanol-n-multilaser-negro-tc503-alambrico\/","title":{"rendered":"Kit Teclado\/Mouse USB Espa\u00f1ol (\u00d1) Multilaser Negro TC503 al\u00e1mbrico"},"content":{"rendered":"<p>Kit Teclado\/Mouse USB Espa\u00f1ol (\u00d1) Multilaser Negro TC503 al\u00e1mbrico<\/p>\n","protected":false},"excerpt":{"rendered":"<p>Kit Teclado\/Mouse USB Espa\u00f1ol (\u00d1) Multilaser Negro TC503 al\u00e1mbrico<\/p>\n","protected":false},"featured_media":0,"template":"","meta":[],"product_brand":[],"product_cat":[],"product_tag":[],"class_list":{"0":"post-29718","1":"product","2":"type-product","3":"status-publish","6":"first","7":"instock","8":"shipping-taxable","9":"purchasable","10":"product-type-simple","11":"customify-col"},"_links":{"self":[{"href":"https:\/\/surtidoraentecnologia.com\/index.php\/wp-json\/wp\/v2\/product\/29718","targetHints":{"allow":["GET"]}}],"collection":[{"href":"https:\/\/surtidoraentecnologia.com\/index.php\/wp-json\/wp\/v2\/product"}],"about":[{"href":"https:\/\/surtidoraentecnologia.com\/index.php\/wp-json\/wp\/v2\/types\/product"}],"wp:attachment":[{"href":"https:\/\/surtidoraentecnologia.com\/index.php\/wp-json\/wp\/v2\/media?parent=29718"}],"wp:term":[{"taxonomy":"product_brand","embeddable":true,"href":"https:\/\/surtidoraentecnologia.com\/index.php\/wp-json\/wp\/v2\/product_brand?post=29718"},{"taxonomy":"product_cat","embeddable":true,"href":"https:\/\/surtidoraentecnologia.com\/index.php\/wp-json\/wp\/v2\/product_cat?post=29718"},{"taxonomy":"product_tag","embeddable":true,"href":"https:\/\/surtidoraentecnologia.com\/index.php\/wp-json\/wp\/v2\/product_tag?post=29718"}],"curies":[{"name":"wp","href":"https:\/\/api.w.org\/{rel}","templated":true}]}}