{"id":30029,"date":"2025-08-28T03:01:52","date_gmt":"2025-08-28T03:01:52","guid":{"rendered":"https:\/\/surtidoraentecnologia.com\/index.php\/product\/auriculares-jbl-tune-flex-2-con-cancelacion-de-ruido-edicion-fantasma\/"},"modified":"2025-08-28T03:01:52","modified_gmt":"2025-08-28T03:01:52","slug":"auriculares-jbl-tune-flex-2-con-cancelacion-de-ruido-edicion-fantasma","status":"publish","type":"product","link":"https:\/\/surtidoraentecnologia.com\/index.php\/product\/auriculares-jbl-tune-flex-2-con-cancelacion-de-ruido-edicion-fantasma\/","title":{"rendered":"Auriculares JBL Tune Flex 2 con cancelaci\u00f3n de ruido edici\u00f3n fantasma"},"content":{"rendered":"<p>Auriculares JBL Tune Flex 2 con cancelaci\u00f3n de ruido edici\u00f3n fantasma<\/p>\n","protected":false},"excerpt":{"rendered":"<p>Auriculares JBL Tune Flex 2 con cancelaci\u00f3n de ruido edici\u00f3n fantasma<\/p>\n","protected":false},"featured_media":0,"template":"","meta":[],"product_brand":[],"product_cat":[],"product_tag":[],"class_list":{"0":"post-30029","1":"product","2":"type-product","3":"status-publish","6":"first","7":"outofstock","8":"shipping-taxable","9":"purchasable","10":"product-type-simple","11":"customify-col"},"_links":{"self":[{"href":"https:\/\/surtidoraentecnologia.com\/index.php\/wp-json\/wp\/v2\/product\/30029","targetHints":{"allow":["GET"]}}],"collection":[{"href":"https:\/\/surtidoraentecnologia.com\/index.php\/wp-json\/wp\/v2\/product"}],"about":[{"href":"https:\/\/surtidoraentecnologia.com\/index.php\/wp-json\/wp\/v2\/types\/product"}],"wp:attachment":[{"href":"https:\/\/surtidoraentecnologia.com\/index.php\/wp-json\/wp\/v2\/media?parent=30029"}],"wp:term":[{"taxonomy":"product_brand","embeddable":true,"href":"https:\/\/surtidoraentecnologia.com\/index.php\/wp-json\/wp\/v2\/product_brand?post=30029"},{"taxonomy":"product_cat","embeddable":true,"href":"https:\/\/surtidoraentecnologia.com\/index.php\/wp-json\/wp\/v2\/product_cat?post=30029"},{"taxonomy":"product_tag","embeddable":true,"href":"https:\/\/surtidoraentecnologia.com\/index.php\/wp-json\/wp\/v2\/product_tag?post=30029"}],"curies":[{"name":"wp","href":"https:\/\/api.w.org\/{rel}","templated":true}]}}