{"id":30289,"date":"2026-02-18T03:01:18","date_gmt":"2026-02-18T03:01:18","guid":{"rendered":"https:\/\/surtidoraentecnologia.com\/index.php\/product\/combo-teclado-y-mouse-dell-km3322w-espanol-inalambrico\/"},"modified":"2026-02-18T03:01:18","modified_gmt":"2026-02-18T03:01:18","slug":"combo-teclado-y-mouse-dell-km3322w-espanol-inalambrico","status":"publish","type":"product","link":"https:\/\/surtidoraentecnologia.com\/index.php\/product\/combo-teclado-y-mouse-dell-km3322w-espanol-inalambrico\/","title":{"rendered":"Combo Teclado y Mouse Dell &#8211; KM3322W &#8211; espa\u00f1ol &#8211; inal\u00e1mbrico"},"content":{"rendered":"<p>Combo Teclado y Mouse Dell &#8211; KM3322W &#8211; espa\u00f1ol &#8211; inal\u00e1mbrico<\/p>\n","protected":false},"excerpt":{"rendered":"<p>Combo Teclado y Mouse Dell &#8211; KM3322W &#8211; espa\u00f1ol &#8211; inal\u00e1mbrico<\/p>\n","protected":false},"featured_media":0,"template":"","meta":[],"product_brand":[],"product_cat":[],"product_tag":[],"class_list":{"0":"post-30289","1":"product","2":"type-product","3":"status-publish","6":"first","7":"outofstock","8":"shipping-taxable","9":"purchasable","10":"product-type-simple","11":"customify-col"},"_links":{"self":[{"href":"https:\/\/surtidoraentecnologia.com\/index.php\/wp-json\/wp\/v2\/product\/30289","targetHints":{"allow":["GET"]}}],"collection":[{"href":"https:\/\/surtidoraentecnologia.com\/index.php\/wp-json\/wp\/v2\/product"}],"about":[{"href":"https:\/\/surtidoraentecnologia.com\/index.php\/wp-json\/wp\/v2\/types\/product"}],"wp:attachment":[{"href":"https:\/\/surtidoraentecnologia.com\/index.php\/wp-json\/wp\/v2\/media?parent=30289"}],"wp:term":[{"taxonomy":"product_brand","embeddable":true,"href":"https:\/\/surtidoraentecnologia.com\/index.php\/wp-json\/wp\/v2\/product_brand?post=30289"},{"taxonomy":"product_cat","embeddable":true,"href":"https:\/\/surtidoraentecnologia.com\/index.php\/wp-json\/wp\/v2\/product_cat?post=30289"},{"taxonomy":"product_tag","embeddable":true,"href":"https:\/\/surtidoraentecnologia.com\/index.php\/wp-json\/wp\/v2\/product_tag?post=30289"}],"curies":[{"name":"wp","href":"https:\/\/api.w.org\/{rel}","templated":true}]}}