{"id":30304,"date":"2026-02-25T03:08:48","date_gmt":"2026-02-25T03:08:48","guid":{"rendered":"https:\/\/surtidoraentecnologia.com\/index.php\/product\/router-smart-ac1200-conexion-inalambrica-wi-fi-5-802-11ac-de-doble\/"},"modified":"2026-02-25T03:08:48","modified_gmt":"2026-02-25T03:08:48","slug":"router-smart-ac1200-conexion-inalambrica-wi-fi-5-802-11ac-de-doble","status":"publish","type":"product","link":"https:\/\/surtidoraentecnologia.com\/index.php\/product\/router-smart-ac1200-conexion-inalambrica-wi-fi-5-802-11ac-de-doble\/","title":{"rendered":"Router Smart AC1200 conexi\u00f3n inal\u00e1mbrica Wi-Fi 5 (802.11ac) de doble"},"content":{"rendered":"<p>Router Smart AC1200 conexi\u00f3n inal\u00e1mbrica Wi-Fi 5 (802.11ac) de doble<\/p>\n","protected":false},"excerpt":{"rendered":"<p>Router Smart AC1200 conexi\u00f3n inal\u00e1mbrica Wi-Fi 5 (802.11ac) de doble<\/p>\n","protected":false},"featured_media":0,"template":"","meta":[],"product_brand":[],"product_cat":[],"product_tag":[],"class_list":{"0":"post-30304","1":"product","2":"type-product","3":"status-publish","6":"first","7":"instock","8":"shipping-taxable","9":"purchasable","10":"product-type-simple","11":"customify-col"},"_links":{"self":[{"href":"https:\/\/surtidoraentecnologia.com\/index.php\/wp-json\/wp\/v2\/product\/30304","targetHints":{"allow":["GET"]}}],"collection":[{"href":"https:\/\/surtidoraentecnologia.com\/index.php\/wp-json\/wp\/v2\/product"}],"about":[{"href":"https:\/\/surtidoraentecnologia.com\/index.php\/wp-json\/wp\/v2\/types\/product"}],"wp:attachment":[{"href":"https:\/\/surtidoraentecnologia.com\/index.php\/wp-json\/wp\/v2\/media?parent=30304"}],"wp:term":[{"taxonomy":"product_brand","embeddable":true,"href":"https:\/\/surtidoraentecnologia.com\/index.php\/wp-json\/wp\/v2\/product_brand?post=30304"},{"taxonomy":"product_cat","embeddable":true,"href":"https:\/\/surtidoraentecnologia.com\/index.php\/wp-json\/wp\/v2\/product_cat?post=30304"},{"taxonomy":"product_tag","embeddable":true,"href":"https:\/\/surtidoraentecnologia.com\/index.php\/wp-json\/wp\/v2\/product_tag?post=30304"}],"curies":[{"name":"wp","href":"https:\/\/api.w.org\/{rel}","templated":true}]}}