{"id":30312,"date":"2026-02-27T03:00:48","date_gmt":"2026-02-27T03:00:48","guid":{"rendered":"https:\/\/surtidoraentecnologia.com\/index.php\/product\/escaner-codigo-de-barras-sat-ai-ring-plus\/"},"modified":"2026-02-27T03:00:48","modified_gmt":"2026-02-27T03:00:48","slug":"escaner-codigo-de-barras-sat-ai-ring-plus","status":"publish","type":"product","link":"https:\/\/surtidoraentecnologia.com\/index.php\/product\/escaner-codigo-de-barras-sat-ai-ring-plus\/","title":{"rendered":"Esc\u00e1ner C\u00f3digo de Barras SAT AI RING PLUS"},"content":{"rendered":"<p>Esc\u00e1ner C\u00f3digo de Barras SAT AI RING PLUS<\/p>\n","protected":false},"excerpt":{"rendered":"<p>Esc\u00e1ner C\u00f3digo de Barras SAT AI RING PLUS<\/p>\n","protected":false},"featured_media":0,"template":"","meta":[],"product_brand":[],"product_cat":[],"product_tag":[],"class_list":{"0":"post-30312","1":"product","2":"type-product","3":"status-publish","6":"first","7":"outofstock","8":"shipping-taxable","9":"purchasable","10":"product-type-simple","11":"customify-col"},"_links":{"self":[{"href":"https:\/\/surtidoraentecnologia.com\/index.php\/wp-json\/wp\/v2\/product\/30312","targetHints":{"allow":["GET"]}}],"collection":[{"href":"https:\/\/surtidoraentecnologia.com\/index.php\/wp-json\/wp\/v2\/product"}],"about":[{"href":"https:\/\/surtidoraentecnologia.com\/index.php\/wp-json\/wp\/v2\/types\/product"}],"wp:attachment":[{"href":"https:\/\/surtidoraentecnologia.com\/index.php\/wp-json\/wp\/v2\/media?parent=30312"}],"wp:term":[{"taxonomy":"product_brand","embeddable":true,"href":"https:\/\/surtidoraentecnologia.com\/index.php\/wp-json\/wp\/v2\/product_brand?post=30312"},{"taxonomy":"product_cat","embeddable":true,"href":"https:\/\/surtidoraentecnologia.com\/index.php\/wp-json\/wp\/v2\/product_cat?post=30312"},{"taxonomy":"product_tag","embeddable":true,"href":"https:\/\/surtidoraentecnologia.com\/index.php\/wp-json\/wp\/v2\/product_tag?post=30312"}],"curies":[{"name":"wp","href":"https:\/\/api.w.org\/{rel}","templated":true}]}}